{"id":108,"date":"2020-10-28T14:50:16","date_gmt":"2020-10-28T12:50:16","guid":{"rendered":"https:\/\/rendahls.se\/?page_id=108"},"modified":"2025-04-27T09:57:36","modified_gmt":"2025-04-27T07:57:36","slug":"uber-uns","status":"publish","type":"page","link":"https:\/\/rendahls.se\/de\/om-oss\/","title":{"rendered":"\u00dcber uns"},"content":{"rendered":"<div data-elementor-type=\"wp-page\" data-elementor-id=\"108\" class=\"elementor elementor-108\" data-elementor-post-type=\"page\">\n\t\t\t\t\t\t<section data-particle_enable=\"false\" data-particle-mobile-disabled=\"false\" class=\"elementor-section elementor-top-section elementor-element elementor-element-19b1d2e elementor-section-boxed elementor-section-height-default elementor-section-height-default\" data-id=\"19b1d2e\" data-element_type=\"section\" data-e-type=\"section\" data-settings=\"{&quot;background_background&quot;:&quot;classic&quot;}\">\n\t\t\t\t\t\t<div class=\"elementor-container elementor-column-gap-default\">\n\t\t\t\t\t<div class=\"elementor-column elementor-col-33 elementor-top-column elementor-element elementor-element-1a4cefc\" data-id=\"1a4cefc\" data-element_type=\"column\" data-e-type=\"column\">\n\t\t\t<div class=\"elementor-widget-wrap elementor-element-populated\">\n\t\t\t\t\t\t<div class=\"elementor-element elementor-element-6f560b1 elementor-widget elementor-widget-text-editor\" data-id=\"6f560b1\" data-element_type=\"widget\" data-e-type=\"widget\" data-widget_type=\"text-editor.default\">\n\t\t\t\t<div class=\"elementor-widget-container\">\n\t\t\t\t\t\t\t\t\t<p style=\"margin: 0in; font-family: Calibri; font-size: 11.0pt;\">Wir sind zwei Menschen, die das Leben genie\u00dfen und unserem Leben gerne ein bisschen mehr Glanz verleihen. Das m\u00fcssen nicht immer gro\u00dfartige Erlebnisse sein, sondern kann auch etwas so Einfaches sein wie eine richtig gute Tasse Kaffee bei einem Spaziergang im Wald.&nbsp;<span style=\"font-size: 11pt;\">Wir hei\u00dfen Eva und Henrik, leben in Karlstad und arbeiten als Rechtsanw\u00e4lte bzw. Unternehmensentwickler. In unserer Freizeit suchen wir gerne nach Dingen, die uns ein bisschen mehr Freude bereiten.<\/span><\/p>\n<p><\/p>\n<p style=\"margin: 0in; font-family: Calibri; font-size: 11.0pt;\"><span style=\"font-size: 11pt;\">Was gibt uns also ein besonders gutes Gef\u00fchl und was werden wir hier teilen?<\/span><\/p>\n<p style=\"margin: 0in; font-family: Calibri; font-size: 11.0pt;\">Du wirst keine Beitr\u00e4ge von den angesagtesten Orten oder dem, was gerade im Trend ist, finden. Aber vielleicht findest du einen Beitrag von einem sch\u00f6nen Weingut oder einem Campingplatz an einem See.<\/p>\n<p><\/p>\n<p style=\"margin: 0in; font-family: Calibri; font-size: 11.0pt;\">Wir bewerten alle unsere Erlebnisse. Unsere Bewertungen beruhen jedoch sehr stark auf dem Gef\u00fchl in diesem Moment und auf der Erfahrung als Ganzes. Es ist also ein v\u00f6llig subjektives Urteil. Gutes Wetter kann deine Bewertung erh\u00f6hen, w\u00e4hrend eine lange Warteschlange vor der Toilette sie senken kann. Interpretiere unsere Bewertungen daher, wie du willst.<\/p>\n<p><\/p>\n<p style=\"margin: 0in; font-family: Calibri; font-size: 11.0pt;\">Wir lieben Fika, gutes Essen und Schampus, aber wir trinken den Schampus eher um vier Uhr nachmittags als um vier Uhr morgens. Stattdessen werden wir schlafen und uns auf die Abenteuer des n\u00e4chsten Tages vorbereiten.<\/p>\t\t\t\t\t\t\t\t<\/div>\n\t\t\t\t<\/div>\n\t\t\t\t\t<\/div>\n\t\t<\/div>\n\t\t\t\t<div class=\"elementor-column elementor-col-66 elementor-top-column elementor-element elementor-element-e1c769d\" data-id=\"e1c769d\" data-element_type=\"column\" data-e-type=\"column\">\n\t\t\t<div class=\"elementor-widget-wrap elementor-element-populated\">\n\t\t\t\t\t\t<div class=\"elementor-element elementor-element-219ce8c elementor-widget elementor-widget-image\" data-id=\"219ce8c\" data-element_type=\"widget\" data-e-type=\"widget\" data-widget_type=\"image.default\">\n\t\t\t\t<div class=\"elementor-widget-container\">\n\t\t\t\t\t\t\t\t\t\t\t\t<figure class=\"wp-caption\">\n\t\t\t\t\t\t\t\t\t\t<img fetchpriority=\"high\" decoding=\"async\" width=\"768\" height=\"1024\" src=\"https:\/\/rendahls.se\/wp-content\/uploads\/2025\/04\/IMG_5257-768x1024.png\" class=\"attachment-medium_large size-medium_large wp-image-124950\" alt=\"\" srcset=\"https:\/\/rendahls.se\/wp-content\/uploads\/2025\/04\/IMG_5257-768x1024.png 768w, https:\/\/rendahls.se\/wp-content\/uploads\/2025\/04\/IMG_5257-225x300.png 225w, https:\/\/rendahls.se\/wp-content\/uploads\/2025\/04\/IMG_5257-1152x1536.png 1152w, https:\/\/rendahls.se\/wp-content\/uploads\/2025\/04\/IMG_5257-1536x2048.png 1536w, https:\/\/rendahls.se\/wp-content\/uploads\/2025\/04\/IMG_5257-9x12.png 9w, https:\/\/rendahls.se\/wp-content\/uploads\/2025\/04\/IMG_5257-scaled.png 1920w\" sizes=\"(max-width: 768px) 100vw, 768px\" \/>\t\t\t\t\t\t\t\t\t\t\t<figcaption class=\"widget-image-caption wp-caption-text\">Ballonfahrt in Jaipur<\/figcaption>\n\t\t\t\t\t\t\t\t\t\t<\/figure>\n\t\t\t\t\t\t\t\t\t<\/div>\n\t\t\t\t<\/div>\n\t\t\t\t\t<\/div>\n\t\t<\/div>\n\t\t\t\t\t<\/div>\n\t\t<\/section>\n\t\t\t\t<\/div>","protected":false},"excerpt":{"rendered":"<p>Vi \u00e4r tv\u00e5 livsnjutare som gillar att s\u00e4tta lite guldkant p\u00e5 tillvaron. Det beh\u00f6ver inte alltid vara s\u00e5 stora upplevelser utan kan vara n\u00e5got s\u00e5 enkelt som en riktigt god kopp kaffe under skogspromenaden.&nbsp;Vi som skriver heter Eva och Henrik, bor i Karlstad och jobbar till vardags som jurist respektive verksamhetsutvecklare. P\u00e5 v\u00e5r lediga tid [&hellip;]<\/p>\n","protected":false},"author":1,"featured_media":0,"parent":0,"menu_order":0,"comment_status":"closed","ping_status":"closed","template":"","meta":{"_acf_changed":false,"_eb_attr":"","footnotes":""},"class_list":["post-108","page","type-page","status-publish","hentry"],"acf":[],"_links":{"self":[{"href":"https:\/\/rendahls.se\/de\/wp-json\/wp\/v2\/pages\/108","targetHints":{"allow":["GET"]}}],"collection":[{"href":"https:\/\/rendahls.se\/de\/wp-json\/wp\/v2\/pages"}],"about":[{"href":"https:\/\/rendahls.se\/de\/wp-json\/wp\/v2\/types\/page"}],"author":[{"embeddable":true,"href":"https:\/\/rendahls.se\/de\/wp-json\/wp\/v2\/users\/1"}],"replies":[{"embeddable":true,"href":"https:\/\/rendahls.se\/de\/wp-json\/wp\/v2\/comments?post=108"}],"version-history":[{"count":0,"href":"https:\/\/rendahls.se\/de\/wp-json\/wp\/v2\/pages\/108\/revisions"}],"wp:attachment":[{"href":"https:\/\/rendahls.se\/de\/wp-json\/wp\/v2\/media?parent=108"}],"curies":[{"name":"wp","href":"https:\/\/api.w.org\/{rel}","templated":true}]}}