{"id":108,"date":"2020-10-28T14:50:16","date_gmt":"2020-10-28T12:50:16","guid":{"rendered":"https:\/\/rendahls.se\/?page_id=108"},"modified":"2025-04-27T09:57:36","modified_gmt":"2025-04-27T07:57:36","slug":"a-propos-de-nous","status":"publish","type":"page","link":"https:\/\/rendahls.se\/fr\/om-oss\/","title":{"rendered":"A propos de nous"},"content":{"rendered":"<div data-elementor-type=\"wp-page\" data-elementor-id=\"108\" class=\"elementor elementor-108\" data-elementor-post-type=\"page\">\n\t\t\t\t\t\t<section data-particle_enable=\"false\" data-particle-mobile-disabled=\"false\" class=\"elementor-section elementor-top-section elementor-element elementor-element-19b1d2e elementor-section-boxed elementor-section-height-default elementor-section-height-default\" data-id=\"19b1d2e\" data-element_type=\"section\" data-e-type=\"section\" data-settings=\"{&quot;background_background&quot;:&quot;classic&quot;}\">\n\t\t\t\t\t\t<div class=\"elementor-container elementor-column-gap-default\">\n\t\t\t\t\t<div class=\"elementor-column elementor-col-33 elementor-top-column elementor-element elementor-element-1a4cefc\" data-id=\"1a4cefc\" data-element_type=\"column\" data-e-type=\"column\">\n\t\t\t<div class=\"elementor-widget-wrap elementor-element-populated\">\n\t\t\t\t\t\t<div class=\"elementor-element elementor-element-6f560b1 elementor-widget elementor-widget-text-editor\" data-id=\"6f560b1\" data-element_type=\"widget\" data-e-type=\"widget\" data-widget_type=\"text-editor.default\">\n\t\t\t\t<div class=\"elementor-widget-container\">\n\t\t\t\t\t\t\t\t\t<p style=\"margin: 0in; font-family: Calibri; font-size: 11.0pt;\">Nous sommes deux personnes qui profitent de la vie et qui aiment y ajouter un peu d'\u00e9clat. Il ne s'agit pas toujours d'exp\u00e9riences extraordinaires, mais de quelque chose d'aussi simple qu'une tr\u00e8s bonne tasse de caf\u00e9 lors d'une promenade dans les bois.&nbsp;<span style=\"font-size: 11pt;\">Nous nous appelons Eva et Henrik, nous vivons \u00e0 Karlstad et nous travaillons respectivement comme avocats et d\u00e9veloppeurs d'entreprise. Pendant notre temps libre, nous aimons trouver des choses qui nous font nous sentir un peu mieux.<\/span><\/p>\n<p><\/p>\n<p style=\"margin: 0in; font-family: Calibri; font-size: 11.0pt;\"><span style=\"font-size: 11pt;\">Alors, qu'est-ce qui nous fait nous sentir bien et qu'allons-nous partager ici ?<\/span><\/p>\n<p style=\"margin: 0in; font-family: Calibri; font-size: 11.0pt;\">Tu ne trouveras pas de posts provenant des endroits les plus branch\u00e9s ou de ce qui est le plus \u00e0 la mode en ce moment. Mais tu trouveras peut-\u00eatre un post provenant d'un beau vignoble ou d'un camping au bord d'un lac.<\/p>\n<p><\/p>\n<p style=\"margin: 0in; font-family: Calibri; font-size: 11.0pt;\">Nous \u00e9valuons toutes nos exp\u00e9riences. Cependant, nos notes sont tr\u00e8s largement bas\u00e9es sur le sentiment du moment et sur l'exp\u00e9rience dans son ensemble. Il s'agit donc d'un jugement enti\u00e8rement subjectif. Le beau temps peut augmenter ta note, tandis qu'une longue file d'attente aux toilettes peut la diminuer. Par cons\u00e9quent, interpr\u00e8te nos notes comme tu le souhaites.<\/p>\n<p><\/p>\n<p style=\"margin: 0in; font-family: Calibri; font-size: 11.0pt;\">Nous aimons le fika, la bonne nourriture et les bulles, mais nous sommes plus susceptibles de boire les bulles \u00e0 quatre heures de l'apr\u00e8s-midi qu'\u00e0 quatre heures du matin. Nous serons plut\u00f4t endormis, pr\u00eats \u00e0 affronter les aventures du lendemain.<\/p>\t\t\t\t\t\t\t\t<\/div>\n\t\t\t\t<\/div>\n\t\t\t\t\t<\/div>\n\t\t<\/div>\n\t\t\t\t<div class=\"elementor-column elementor-col-66 elementor-top-column elementor-element elementor-element-e1c769d\" data-id=\"e1c769d\" data-element_type=\"column\" data-e-type=\"column\">\n\t\t\t<div class=\"elementor-widget-wrap elementor-element-populated\">\n\t\t\t\t\t\t<div class=\"elementor-element elementor-element-219ce8c elementor-widget elementor-widget-image\" data-id=\"219ce8c\" data-element_type=\"widget\" data-e-type=\"widget\" data-widget_type=\"image.default\">\n\t\t\t\t<div class=\"elementor-widget-container\">\n\t\t\t\t\t\t\t\t\t\t\t\t<figure class=\"wp-caption\">\n\t\t\t\t\t\t\t\t\t\t<img fetchpriority=\"high\" decoding=\"async\" width=\"768\" height=\"1024\" src=\"https:\/\/rendahls.se\/wp-content\/uploads\/2025\/04\/IMG_5257-768x1024.png\" class=\"attachment-medium_large size-medium_large wp-image-124950\" alt=\"\" srcset=\"https:\/\/rendahls.se\/wp-content\/uploads\/2025\/04\/IMG_5257-768x1024.png 768w, https:\/\/rendahls.se\/wp-content\/uploads\/2025\/04\/IMG_5257-225x300.png 225w, https:\/\/rendahls.se\/wp-content\/uploads\/2025\/04\/IMG_5257-1152x1536.png 1152w, https:\/\/rendahls.se\/wp-content\/uploads\/2025\/04\/IMG_5257-1536x2048.png 1536w, https:\/\/rendahls.se\/wp-content\/uploads\/2025\/04\/IMG_5257-9x12.png 9w, https:\/\/rendahls.se\/wp-content\/uploads\/2025\/04\/IMG_5257-scaled.png 1920w\" sizes=\"(max-width: 768px) 100vw, 768px\" \/>\t\t\t\t\t\t\t\t\t\t\t<figcaption class=\"widget-image-caption wp-caption-text\">Balade en montgolfi\u00e8re \u00e0 Jaipur<\/figcaption>\n\t\t\t\t\t\t\t\t\t\t<\/figure>\n\t\t\t\t\t\t\t\t\t<\/div>\n\t\t\t\t<\/div>\n\t\t\t\t\t<\/div>\n\t\t<\/div>\n\t\t\t\t\t<\/div>\n\t\t<\/section>\n\t\t\t\t<\/div>","protected":false},"excerpt":{"rendered":"<p>Vi \u00e4r tv\u00e5 livsnjutare som gillar att s\u00e4tta lite guldkant p\u00e5 tillvaron. Det beh\u00f6ver inte alltid vara s\u00e5 stora upplevelser utan kan vara n\u00e5got s\u00e5 enkelt som en riktigt god kopp kaffe under skogspromenaden.&nbsp;Vi som skriver heter Eva och Henrik, bor i Karlstad och jobbar till vardags som jurist respektive verksamhetsutvecklare. P\u00e5 v\u00e5r lediga tid [&hellip;]<\/p>\n","protected":false},"author":1,"featured_media":0,"parent":0,"menu_order":0,"comment_status":"closed","ping_status":"closed","template":"","meta":{"_acf_changed":false,"_eb_attr":"","footnotes":""},"class_list":["post-108","page","type-page","status-publish","hentry"],"acf":[],"_links":{"self":[{"href":"https:\/\/rendahls.se\/fr\/wp-json\/wp\/v2\/pages\/108","targetHints":{"allow":["GET"]}}],"collection":[{"href":"https:\/\/rendahls.se\/fr\/wp-json\/wp\/v2\/pages"}],"about":[{"href":"https:\/\/rendahls.se\/fr\/wp-json\/wp\/v2\/types\/page"}],"author":[{"embeddable":true,"href":"https:\/\/rendahls.se\/fr\/wp-json\/wp\/v2\/users\/1"}],"replies":[{"embeddable":true,"href":"https:\/\/rendahls.se\/fr\/wp-json\/wp\/v2\/comments?post=108"}],"version-history":[{"count":0,"href":"https:\/\/rendahls.se\/fr\/wp-json\/wp\/v2\/pages\/108\/revisions"}],"wp:attachment":[{"href":"https:\/\/rendahls.se\/fr\/wp-json\/wp\/v2\/media?parent=108"}],"curies":[{"name":"wp","href":"https:\/\/api.w.org\/{rel}","templated":true}]}}