{"id":9824,"date":"2021-01-12T22:32:44","date_gmt":"2021-01-12T20:32:44","guid":{"rendered":"https:\/\/rendahls.se\/?page_id=9824"},"modified":"2025-07-17T09:42:14","modified_gmt":"2025-07-17T07:42:14","slug":"experiences-planifiees","status":"publish","type":"page","link":"https:\/\/rendahls.se\/fr\/planerade-upplevelser\/","title":{"rendered":"Exp\u00e9riences pr\u00e9vues"},"content":{"rendered":"<div data-elementor-type=\"wp-page\" data-elementor-id=\"9824\" class=\"elementor elementor-9824\" data-elementor-post-type=\"page\">\n\t\t\t\t\t\t<section data-particle_enable=\"false\" data-particle-mobile-disabled=\"false\" class=\"elementor-section elementor-top-section elementor-element elementor-element-be6c4ed elementor-section-boxed elementor-section-height-default elementor-section-height-default\" data-id=\"be6c4ed\" data-element_type=\"section\" data-e-type=\"section\" data-settings=\"{&quot;background_background&quot;:&quot;classic&quot;}\">\n\t\t\t\t\t\t<div class=\"elementor-container elementor-column-gap-default\">\n\t\t\t\t\t<div class=\"elementor-column elementor-col-100 elementor-top-column elementor-element elementor-element-b8c6084\" data-id=\"b8c6084\" data-element_type=\"column\" data-e-type=\"column\">\n\t\t\t<div class=\"elementor-widget-wrap elementor-element-populated\">\n\t\t\t\t\t\t<div class=\"elementor-element elementor-element-3540247 elementor-widget-divider--view-line elementor-widget elementor-widget-divider\" data-id=\"3540247\" data-element_type=\"widget\" data-e-type=\"widget\" data-widget_type=\"divider.default\">\n\t\t\t\t<div class=\"elementor-widget-container\">\n\t\t\t\t\t\t\t<div class=\"elementor-divider\">\n\t\t\t<span class=\"elementor-divider-separator\">\n\t\t\t\t\t\t<\/span>\n\t\t<\/div>\n\t\t\t\t\t\t<\/div>\n\t\t\t\t<\/div>\n\t\t\t\t\t<\/div>\n\t\t<\/div>\n\t\t\t\t\t<\/div>\n\t\t<\/section>\n\t\t\t\t<section data-particle_enable=\"false\" data-particle-mobile-disabled=\"false\" class=\"elementor-section elementor-top-section elementor-element elementor-element-5b86088 elementor-section-boxed elementor-section-height-default elementor-section-height-default\" data-id=\"5b86088\" data-element_type=\"section\" data-e-type=\"section\" data-settings=\"{&quot;background_background&quot;:&quot;classic&quot;}\">\n\t\t\t\t\t\t<div class=\"elementor-container elementor-column-gap-default\">\n\t\t\t\t\t<div class=\"elementor-column elementor-col-66 elementor-top-column elementor-element elementor-element-9fc1d8d\" data-id=\"9fc1d8d\" data-element_type=\"column\" data-e-type=\"column\">\n\t\t\t<div class=\"elementor-widget-wrap elementor-element-populated\">\n\t\t\t\t\t\t<div class=\"elementor-element elementor-element-498703d elementor-widget elementor-widget-text-editor\" data-id=\"498703d\" data-element_type=\"widget\" data-e-type=\"widget\" data-widget_type=\"text-editor.default\">\n\t\t\t\t<div class=\"elementor-widget-container\">\n\t\t\t\t\t\t\t\t\t<p><span style=\"color: var( --e-global-color-dee4cbf ); font-family: var( --e-global-typography-text-font-family ), Sans-serif; font-weight: var( --e-global-typography-text-font-weight ); background-color: var( --e-global-color-f7fa8fb ); font-size: 1rem;\">Tu n'as pas besoin d'aller loin pour faire de nouvelles exp\u00e9riences. D<\/span>l y a beaucoup de destinations de voyage et d'exp\u00e9riences agr\u00e9ables, aussi bien chez nous que dans le reste de la Su\u00e8de. Cependant, il faut dire qu'apr\u00e8s les restrictions de ces derni\u00e8res ann\u00e9es, il y a un besoin refoul\u00e9 de vivre \u00e0 nouveau des exp\u00e9riences \u00e0 l'\u00e9tranger.<\/p><p><span style=\"color: var( --e-global-color-dee4cbf ); font-family: var( --e-global-typography-text-font-family ), Sans-serif; font-weight: var( --e-global-typography-text-font-weight ); background-color: var( --e-global-color-f7fa8fb ); font-size: 1rem;\">La liste des endroits que nous voulons visiter s'allonge de plus en plus.<\/span><span style=\"color: var( --e-global-color-dee4cbf ); font-family: var( --e-global-typography-text-font-family ), Sans-serif; font-weight: var( --e-global-typography-text-font-weight ); background-color: var( --e-global-color-f7fa8fb ); font-size: 1rem;\">\u00a0<\/span>C'est ce que nous \u00e9tions en train de planifier \u00e0 l'heure actuelle. N'h\u00e9site pas \u00e0 nous donner des conseils et des id\u00e9es sur ce que nous pouvons faire dans la section des commentaires ci-dessous.<\/p>\t\t\t\t\t\t\t\t<\/div>\n\t\t\t\t<\/div>\n\t\t\t\t\t<\/div>\n\t\t<\/div>\n\t\t\t\t<div class=\"elementor-column elementor-col-33 elementor-top-column elementor-element elementor-element-019641f\" data-id=\"019641f\" data-element_type=\"column\" data-e-type=\"column\">\n\t\t\t<div class=\"elementor-widget-wrap elementor-element-populated\">\n\t\t\t\t\t\t<div class=\"elementor-element elementor-element-2ec509a elementor-widget elementor-widget-image\" data-id=\"2ec509a\" data-element_type=\"widget\" data-e-type=\"widget\" data-widget_type=\"image.default\">\n\t\t\t\t<div class=\"elementor-widget-container\">\n\t\t\t\t\t\t\t\t\t\t\t\t\t\t\t<img fetchpriority=\"high\" decoding=\"async\" width=\"800\" height=\"495\" src=\"https:\/\/rendahls.se\/wp-content\/uploads\/2020\/11\/fantasy-3502188_1920-1024x634.jpg\" class=\"attachment-large size-large wp-image-1270\" alt=\"Sac de voyage\" srcset=\"https:\/\/rendahls.se\/wp-content\/uploads\/2020\/11\/fantasy-3502188_1920-1024x634.jpg 1024w, https:\/\/rendahls.se\/wp-content\/uploads\/2020\/11\/fantasy-3502188_1920-300x186.jpg 300w, https:\/\/rendahls.se\/wp-content\/uploads\/2020\/11\/fantasy-3502188_1920-768x476.jpg 768w, https:\/\/rendahls.se\/wp-content\/uploads\/2020\/11\/fantasy-3502188_1920-1536x951.jpg 1536w, https:\/\/rendahls.se\/wp-content\/uploads\/2020\/11\/fantasy-3502188_1920-scaled.jpg 1920w\" sizes=\"(max-width: 800px) 100vw, 800px\" \/>\t\t\t\t\t\t\t\t\t\t\t\t\t\t\t<\/div>\n\t\t\t\t<\/div>\n\t\t\t\t\t<\/div>\n\t\t<\/div>\n\t\t\t\t\t<\/div>\n\t\t<\/section>\n\t\t\t\t<section data-particle_enable=\"false\" data-particle-mobile-disabled=\"false\" class=\"elementor-section elementor-top-section elementor-element elementor-element-0e8b753 elementor-section-boxed elementor-section-height-default elementor-section-height-default\" data-id=\"0e8b753\" data-element_type=\"section\" data-e-type=\"section\" data-settings=\"{&quot;background_background&quot;:&quot;classic&quot;}\">\n\t\t\t\t\t\t<div class=\"elementor-container elementor-column-gap-default\">\n\t\t\t\t\t<div class=\"elementor-column elementor-col-100 elementor-top-column elementor-element elementor-element-4b27f5c\" data-id=\"4b27f5c\" data-element_type=\"column\" data-e-type=\"column\">\n\t\t\t<div class=\"elementor-widget-wrap elementor-element-populated\">\n\t\t\t\t\t\t<div class=\"elementor-element elementor-element-1bbaf0b elementor-widget-divider--view-line elementor-widget elementor-widget-divider\" data-id=\"1bbaf0b\" data-element_type=\"widget\" data-e-type=\"widget\" data-widget_type=\"divider.default\">\n\t\t\t\t<div class=\"elementor-widget-container\">\n\t\t\t\t\t\t\t<div class=\"elementor-divider\">\n\t\t\t<span class=\"elementor-divider-separator\">\n\t\t\t\t\t\t<\/span>\n\t\t<\/div>\n\t\t\t\t\t\t<\/div>\n\t\t\t\t<\/div>\n\t\t\t\t\t<\/div>\n\t\t<\/div>\n\t\t\t\t\t<\/div>\n\t\t<\/section>\n\t\t\t\t<section data-particle_enable=\"false\" data-particle-mobile-disabled=\"false\" class=\"elementor-section elementor-top-section elementor-element elementor-element-d1507f8 elementor-section-boxed elementor-section-height-default elementor-section-height-default\" data-id=\"d1507f8\" data-element_type=\"section\" data-e-type=\"section\" data-settings=\"{&quot;background_background&quot;:&quot;classic&quot;}\">\n\t\t\t\t\t\t<div class=\"elementor-container elementor-column-gap-default\">\n\t\t\t\t\t<div class=\"elementor-column elementor-col-33 elementor-top-column elementor-element elementor-element-834b7f3\" data-id=\"834b7f3\" data-element_type=\"column\" data-e-type=\"column\" data-settings=\"{&quot;background_background&quot;:&quot;classic&quot;}\">\n\t\t\t<div class=\"elementor-widget-wrap elementor-element-populated\">\n\t\t\t\t\t\t<div class=\"elementor-element elementor-element-713cfc4 elementor-view-default elementor-widget elementor-widget-icon\" data-id=\"713cfc4\" data-element_type=\"widget\" data-e-type=\"widget\" data-widget_type=\"icon.default\">\n\t\t\t\t<div class=\"elementor-widget-container\">\n\t\t\t\t\t\t\t<div class=\"elementor-icon-wrapper\">\n\t\t\t<div class=\"elementor-icon\">\n\t\t\t<i aria-hidden=\"true\" class=\"far fa-star\"><\/i>\t\t\t<\/div>\n\t\t<\/div>\n\t\t\t\t\t\t<\/div>\n\t\t\t\t<\/div>\n\t\t\t\t\t<\/div>\n\t\t<\/div>\n\t\t\t\t<div class=\"elementor-column elementor-col-33 elementor-top-column elementor-element elementor-element-ac1906b\" data-id=\"ac1906b\" data-element_type=\"column\" data-e-type=\"column\" data-settings=\"{&quot;background_background&quot;:&quot;classic&quot;}\">\n\t\t\t<div class=\"elementor-widget-wrap elementor-element-populated\">\n\t\t\t\t\t\t<div class=\"elementor-element elementor-element-62264d7 elementor-widget elementor-widget-text-editor\" data-id=\"62264d7\" data-element_type=\"widget\" data-e-type=\"widget\" data-widget_type=\"text-editor.default\">\n\t\t\t\t<div class=\"elementor-widget-container\">\n\t\t\t\t\t\t\t\t\t<p><strong>San Sebasti\u00e1n.<\/strong> La ville qui d\u00e9tient le record mondial du nombre d'\u00e9toiles Michelin. Ajoute \u00e0 cela les pintxos et le cava et tu as une destination \u00e9vidente pour les Rendahls.<\/p>\t\t\t\t\t\t\t\t<\/div>\n\t\t\t\t<\/div>\n\t\t\t\t\t<\/div>\n\t\t<\/div>\n\t\t\t\t<div class=\"elementor-column elementor-col-33 elementor-top-column elementor-element elementor-element-2b4171c\" data-id=\"2b4171c\" data-element_type=\"column\" data-e-type=\"column\" data-settings=\"{&quot;background_background&quot;:&quot;classic&quot;}\">\n\t\t\t<div class=\"elementor-widget-wrap elementor-element-populated\">\n\t\t\t\t\t\t<div class=\"elementor-element elementor-element-fec1716 elementor-widget elementor-widget-image\" data-id=\"fec1716\" data-element_type=\"widget\" data-e-type=\"widget\" data-widget_type=\"image.default\">\n\t\t\t\t<div class=\"elementor-widget-container\">\n\t\t\t\t\t\t\t\t\t\t\t\t\t\t\t<img decoding=\"async\" width=\"768\" height=\"713\" data-src=\"https:\/\/rendahls.se\/wp-content\/uploads\/2021\/01\/F57B451E-7D3F-4672-8403-C52016DF5841-768x713.jpeg\" class=\"attachment-medium_large size-medium_large wp-image-9972 lazyload\" alt=\"\" data-srcset=\"https:\/\/rendahls.se\/wp-content\/uploads\/2021\/01\/F57B451E-7D3F-4672-8403-C52016DF5841-768x713.jpeg 768w, https:\/\/rendahls.se\/wp-content\/uploads\/2021\/01\/F57B451E-7D3F-4672-8403-C52016DF5841-300x278.jpeg 300w, https:\/\/rendahls.se\/wp-content\/uploads\/2021\/01\/F57B451E-7D3F-4672-8403-C52016DF5841-1024x950.jpeg 1024w, https:\/\/rendahls.se\/wp-content\/uploads\/2021\/01\/F57B451E-7D3F-4672-8403-C52016DF5841.jpeg 1234w\" data-sizes=\"auto\" src=\"data:image\/svg+xml;base64,PHN2ZyB3aWR0aD0iMSIgaGVpZ2h0PSIxIiB4bWxucz0iaHR0cDovL3d3dy53My5vcmcvMjAwMC9zdmciPjwvc3ZnPg==\" style=\"--smush-placeholder-width: 768px; --smush-placeholder-aspect-ratio: 768\/713;\" data-original-sizes=\"(max-width: 768px) 100vw, 768px\" \/>\t\t\t\t\t\t\t\t\t\t\t\t\t\t\t<\/div>\n\t\t\t\t<\/div>\n\t\t\t\t\t<\/div>\n\t\t<\/div>\n\t\t\t\t\t<\/div>\n\t\t<\/section>\n\t\t\t\t<section data-particle_enable=\"false\" data-particle-mobile-disabled=\"false\" class=\"elementor-section elementor-top-section elementor-element elementor-element-0c8da81 elementor-section-boxed elementor-section-height-default elementor-section-height-default\" data-id=\"0c8da81\" data-element_type=\"section\" data-e-type=\"section\" data-settings=\"{&quot;background_background&quot;:&quot;classic&quot;}\">\n\t\t\t\t\t\t<div class=\"elementor-container elementor-column-gap-default\">\n\t\t\t\t\t<div class=\"elementor-column elementor-col-100 elementor-top-column elementor-element elementor-element-45d5886\" data-id=\"45d5886\" data-element_type=\"column\" data-e-type=\"column\">\n\t\t\t<div class=\"elementor-widget-wrap elementor-element-populated\">\n\t\t\t\t\t\t<div class=\"elementor-element elementor-element-c70afba elementor-widget-divider--view-line elementor-widget elementor-widget-divider\" data-id=\"c70afba\" data-element_type=\"widget\" data-e-type=\"widget\" data-widget_type=\"divider.default\">\n\t\t\t\t<div class=\"elementor-widget-container\">\n\t\t\t\t\t\t\t<div class=\"elementor-divider\">\n\t\t\t<span class=\"elementor-divider-separator\">\n\t\t\t\t\t\t<\/span>\n\t\t<\/div>\n\t\t\t\t\t\t<\/div>\n\t\t\t\t<\/div>\n\t\t\t\t\t<\/div>\n\t\t<\/div>\n\t\t\t\t\t<\/div>\n\t\t<\/section>\n\t\t\t\t<section data-particle_enable=\"false\" data-particle-mobile-disabled=\"false\" class=\"elementor-section elementor-top-section elementor-element elementor-element-7ecd848 elementor-reverse-mobile elementor-section-boxed elementor-section-height-default elementor-section-height-default\" data-id=\"7ecd848\" data-element_type=\"section\" data-e-type=\"section\" data-settings=\"{&quot;background_background&quot;:&quot;classic&quot;}\">\n\t\t\t\t\t\t<div class=\"elementor-container elementor-column-gap-default\">\n\t\t\t\t\t<div class=\"elementor-column elementor-col-33 elementor-top-column elementor-element elementor-element-8ad45be\" data-id=\"8ad45be\" data-element_type=\"column\" data-e-type=\"column\" data-settings=\"{&quot;background_background&quot;:&quot;classic&quot;}\">\n\t\t\t<div class=\"elementor-widget-wrap elementor-element-populated\">\n\t\t\t\t\t\t<div class=\"elementor-element elementor-element-dc8d4cc elementor-widget elementor-widget-image\" data-id=\"dc8d4cc\" data-element_type=\"widget\" data-e-type=\"widget\" data-widget_type=\"image.default\">\n\t\t\t\t<div class=\"elementor-widget-container\">\n\t\t\t\t\t\t\t\t\t\t\t\t\t\t\t<img decoding=\"async\" width=\"768\" height=\"704\" data-src=\"https:\/\/rendahls.se\/wp-content\/uploads\/2021\/01\/1F500685-727B-40A5-91E5-0BEC5BC9EE2F-768x704.jpeg\" class=\"attachment-medium_large size-medium_large wp-image-9859 lazyload\" alt=\"\" data-srcset=\"https:\/\/rendahls.se\/wp-content\/uploads\/2021\/01\/1F500685-727B-40A5-91E5-0BEC5BC9EE2F-768x704.jpeg 768w, https:\/\/rendahls.se\/wp-content\/uploads\/2021\/01\/1F500685-727B-40A5-91E5-0BEC5BC9EE2F-300x275.jpeg 300w, https:\/\/rendahls.se\/wp-content\/uploads\/2021\/01\/1F500685-727B-40A5-91E5-0BEC5BC9EE2F-1024x939.jpeg 1024w, https:\/\/rendahls.se\/wp-content\/uploads\/2021\/01\/1F500685-727B-40A5-91E5-0BEC5BC9EE2F.jpeg 1214w\" data-sizes=\"auto\" src=\"data:image\/svg+xml;base64,PHN2ZyB3aWR0aD0iMSIgaGVpZ2h0PSIxIiB4bWxucz0iaHR0cDovL3d3dy53My5vcmcvMjAwMC9zdmciPjwvc3ZnPg==\" style=\"--smush-placeholder-width: 768px; --smush-placeholder-aspect-ratio: 768\/704;\" data-original-sizes=\"(max-width: 768px) 100vw, 768px\" \/>\t\t\t\t\t\t\t\t\t\t\t\t\t\t\t<\/div>\n\t\t\t\t<\/div>\n\t\t\t\t\t<\/div>\n\t\t<\/div>\n\t\t\t\t<div class=\"elementor-column elementor-col-33 elementor-top-column elementor-element elementor-element-a4c3cec\" data-id=\"a4c3cec\" data-element_type=\"column\" data-e-type=\"column\" data-settings=\"{&quot;background_background&quot;:&quot;classic&quot;}\">\n\t\t\t<div class=\"elementor-widget-wrap elementor-element-populated\">\n\t\t\t\t\t\t<div class=\"elementor-element elementor-element-6d5732b elementor-widget elementor-widget-text-editor\" data-id=\"6d5732b\" data-element_type=\"widget\" data-e-type=\"widget\" data-widget_type=\"text-editor.default\">\n\t\t\t\t<div class=\"elementor-widget-container\">\n\t\t\t\t\t\t\t\t\t<p><strong>Maison sur le lac de C\u00f4me.<\/strong> Ce devait \u00eatre notre voyage de r\u00eave en 2021, mais on ne peut pas tout pr\u00e9voir. Cependant, nous esp\u00e9rons r\u00e9aliser ce voyage le plus t\u00f4t possible. Pendant un mois, nous profiterons de vues magnifiques et de p\u00e2tes \u00e0 volont\u00e9.<\/p>\t\t\t\t\t\t\t\t<\/div>\n\t\t\t\t<\/div>\n\t\t\t\t\t<\/div>\n\t\t<\/div>\n\t\t\t\t<div class=\"elementor-column elementor-col-33 elementor-top-column elementor-element elementor-element-effce8b\" data-id=\"effce8b\" data-element_type=\"column\" data-e-type=\"column\" data-settings=\"{&quot;background_background&quot;:&quot;classic&quot;}\">\n\t\t\t<div class=\"elementor-widget-wrap elementor-element-populated\">\n\t\t\t\t\t\t<div class=\"elementor-element elementor-element-03e5626 elementor-view-default elementor-widget elementor-widget-icon\" data-id=\"03e5626\" data-element_type=\"widget\" data-e-type=\"widget\" data-widget_type=\"icon.default\">\n\t\t\t\t<div class=\"elementor-widget-container\">\n\t\t\t\t\t\t\t<div class=\"elementor-icon-wrapper\">\n\t\t\t<div class=\"elementor-icon\">\n\t\t\t<i aria-hidden=\"true\" class=\"fas fa-home\"><\/i>\t\t\t<\/div>\n\t\t<\/div>\n\t\t\t\t\t\t<\/div>\n\t\t\t\t<\/div>\n\t\t\t\t\t<\/div>\n\t\t<\/div>\n\t\t\t\t\t<\/div>\n\t\t<\/section>\n\t\t\t\t<section data-particle_enable=\"false\" data-particle-mobile-disabled=\"false\" class=\"elementor-section elementor-top-section elementor-element elementor-element-949e671 elementor-section-boxed elementor-section-height-default elementor-section-height-default\" data-id=\"949e671\" data-element_type=\"section\" data-e-type=\"section\" data-settings=\"{&quot;background_background&quot;:&quot;classic&quot;}\">\n\t\t\t\t\t\t<div class=\"elementor-container elementor-column-gap-default\">\n\t\t\t\t\t<div class=\"elementor-column elementor-col-100 elementor-top-column elementor-element elementor-element-e089789\" data-id=\"e089789\" data-element_type=\"column\" data-e-type=\"column\">\n\t\t\t<div class=\"elementor-widget-wrap elementor-element-populated\">\n\t\t\t\t\t\t<div class=\"elementor-element elementor-element-6c6ada3 elementor-widget-divider--view-line elementor-widget elementor-widget-divider\" data-id=\"6c6ada3\" data-element_type=\"widget\" data-e-type=\"widget\" data-widget_type=\"divider.default\">\n\t\t\t\t<div class=\"elementor-widget-container\">\n\t\t\t\t\t\t\t<div class=\"elementor-divider\">\n\t\t\t<span class=\"elementor-divider-separator\">\n\t\t\t\t\t\t<\/span>\n\t\t<\/div>\n\t\t\t\t\t\t<\/div>\n\t\t\t\t<\/div>\n\t\t\t\t\t<\/div>\n\t\t<\/div>\n\t\t\t\t\t<\/div>\n\t\t<\/section>\n\t\t\t\t<section data-particle_enable=\"false\" data-particle-mobile-disabled=\"false\" class=\"elementor-section elementor-top-section elementor-element elementor-element-29eb092 elementor-section-boxed elementor-section-height-default elementor-section-height-default\" data-id=\"29eb092\" data-element_type=\"section\" data-e-type=\"section\" data-settings=\"{&quot;background_background&quot;:&quot;classic&quot;}\">\n\t\t\t\t\t\t<div class=\"elementor-container elementor-column-gap-default\">\n\t\t\t\t\t<div class=\"elementor-column elementor-col-66 elementor-top-column elementor-element elementor-element-4246851\" data-id=\"4246851\" data-element_type=\"column\" data-e-type=\"column\" data-settings=\"{&quot;background_background&quot;:&quot;classic&quot;}\">\n\t\t\t<div class=\"elementor-widget-wrap elementor-element-populated\">\n\t\t\t\t\t\t\t<\/div>\n\t\t<\/div>\n\t\t\t\t<div class=\"elementor-column elementor-col-33 elementor-top-column elementor-element elementor-element-ae8f4b3\" data-id=\"ae8f4b3\" data-element_type=\"column\" data-e-type=\"column\">\n\t\t\t<div class=\"elementor-widget-wrap\">\n\t\t\t\t\t\t\t<\/div>\n\t\t<\/div>\n\t\t\t\t\t<\/div>\n\t\t<\/section>\n\t\t\t\t<\/div>","protected":false},"excerpt":{"rendered":"<p>Man beh\u00f6ver inte \u00e5ka l\u00e5ngt f\u00f6r att uppleva nya saker. Det finns m\u00e4ngder med trevliga resm\u00e5l och upplevelser b\u00e5de p\u00e5 hemorten och i resten av Sverige. Man f\u00e5r v\u00e4l dock s\u00e4ga att efter de senaste \u00e5rens restriktioner s\u00e5 finns det ett uppd\u00e4mt behov av att \u00e5terigen uppleva saker utomlands. Listan \u00f6ver platser vi vill bes\u00f6ka [&hellip;]<\/p>\n","protected":false},"author":1,"featured_media":0,"parent":0,"menu_order":0,"comment_status":"open","ping_status":"closed","template":"","meta":{"_acf_changed":false,"_eb_attr":"","footnotes":""},"class_list":["post-9824","page","type-page","status-publish","hentry"],"acf":[],"_links":{"self":[{"href":"https:\/\/rendahls.se\/fr\/wp-json\/wp\/v2\/pages\/9824","targetHints":{"allow":["GET"]}}],"collection":[{"href":"https:\/\/rendahls.se\/fr\/wp-json\/wp\/v2\/pages"}],"about":[{"href":"https:\/\/rendahls.se\/fr\/wp-json\/wp\/v2\/types\/page"}],"author":[{"embeddable":true,"href":"https:\/\/rendahls.se\/fr\/wp-json\/wp\/v2\/users\/1"}],"replies":[{"embeddable":true,"href":"https:\/\/rendahls.se\/fr\/wp-json\/wp\/v2\/comments?post=9824"}],"version-history":[{"count":0,"href":"https:\/\/rendahls.se\/fr\/wp-json\/wp\/v2\/pages\/9824\/revisions"}],"wp:attachment":[{"href":"https:\/\/rendahls.se\/fr\/wp-json\/wp\/v2\/media?parent=9824"}],"curies":[{"name":"wp","href":"https:\/\/api.w.org\/{rel}","templated":true}]}}