{"id":108,"date":"2020-10-28T14:50:16","date_gmt":"2020-10-28T12:50:16","guid":{"rendered":"https:\/\/rendahls.se\/?page_id=108"},"modified":"2025-04-27T09:57:36","modified_gmt":"2025-04-27T07:57:36","slug":"over-ons","status":"publish","type":"page","link":"https:\/\/rendahls.se\/nl\/om-oss\/","title":{"rendered":"Over ons"},"content":{"rendered":"<div data-elementor-type=\"wp-page\" data-elementor-id=\"108\" class=\"elementor elementor-108\" data-elementor-post-type=\"page\">\n\t\t\t\t\t\t<section data-particle_enable=\"false\" data-particle-mobile-disabled=\"false\" class=\"elementor-section elementor-top-section elementor-element elementor-element-19b1d2e elementor-section-boxed elementor-section-height-default elementor-section-height-default\" data-id=\"19b1d2e\" data-element_type=\"section\" data-e-type=\"section\" data-settings=\"{&quot;background_background&quot;:&quot;classic&quot;}\">\n\t\t\t\t\t\t<div class=\"elementor-container elementor-column-gap-default\">\n\t\t\t\t\t<div class=\"elementor-column elementor-col-33 elementor-top-column elementor-element elementor-element-1a4cefc\" data-id=\"1a4cefc\" data-element_type=\"column\" data-e-type=\"column\">\n\t\t\t<div class=\"elementor-widget-wrap elementor-element-populated\">\n\t\t\t\t\t\t<div class=\"elementor-element elementor-element-6f560b1 elementor-widget elementor-widget-text-editor\" data-id=\"6f560b1\" data-element_type=\"widget\" data-e-type=\"widget\" data-widget_type=\"text-editor.default\">\n\t\t\t\t<div class=\"elementor-widget-container\">\n\t\t\t\t\t\t\t\t\t<p style=\"margin: 0in; font-family: Calibri; font-size: 11.0pt;\">Wij zijn twee mensen die van het leven genieten en graag een beetje extra glans aan ons leven geven. Dat hoeven niet altijd zulke geweldige ervaringen te zijn, maar kan ook zoiets simpels zijn als een echt goede kop koffie tijdens een boswandeling.&nbsp;<span style=\"font-size: 11pt;\">Onze namen zijn Eva en Henrik, we wonen in Karlstad en werken respectievelijk als advocaat en bedrijfsontwikkelaar. In onze vrije tijd zoeken we graag dingen uit die ons een extra goed gevoel geven.<\/span><\/p>\n<p><\/p>\n<p style=\"margin: 0in; font-family: Calibri; font-size: 11.0pt;\"><span style=\"font-size: 11pt;\">Dus wat geeft ons een extra goed gevoel en wat zullen we hier delen?<\/span><\/p>\n<p style=\"margin: 0in; font-family: Calibri; font-size: 11.0pt;\">Je zult geen berichten vinden van de hipste plekken of wat op dit moment het meest trendy is. Maar misschien vind je wel een bericht van een prachtige wijngaard of een camping aan een meer.<\/p>\n<p><\/p>\n<p style=\"margin: 0in; font-family: Calibri; font-size: 11.0pt;\">We beoordelen al onze ervaringen. Onze beoordelingen zijn echter sterk gebaseerd op het gevoel op dat moment en op de ervaring als geheel. Het is daarom een volledig subjectief oordeel. Goed weer kan je waardering verhogen, terwijl een lange rij voor het toilet je waardering kan verlagen. Interpreteer onze beoordelingen daarom zoals je zelf wilt.<\/p>\n<p><\/p>\n<p style=\"margin: 0in; font-family: Calibri; font-size: 11.0pt;\">We houden van fika, lekker eten en bubbels, maar we drinken de bubbels eerder om vier uur 's middags dan om vier uur 's ochtends. In plaats daarvan slapen we, klaar voor de avonturen van de volgende dag.<\/p>\t\t\t\t\t\t\t\t<\/div>\n\t\t\t\t<\/div>\n\t\t\t\t\t<\/div>\n\t\t<\/div>\n\t\t\t\t<div class=\"elementor-column elementor-col-66 elementor-top-column elementor-element elementor-element-e1c769d\" data-id=\"e1c769d\" data-element_type=\"column\" data-e-type=\"column\">\n\t\t\t<div class=\"elementor-widget-wrap elementor-element-populated\">\n\t\t\t\t\t\t<div class=\"elementor-element elementor-element-219ce8c elementor-widget elementor-widget-image\" data-id=\"219ce8c\" data-element_type=\"widget\" data-e-type=\"widget\" data-widget_type=\"image.default\">\n\t\t\t\t<div class=\"elementor-widget-container\">\n\t\t\t\t\t\t\t\t\t\t\t\t<figure class=\"wp-caption\">\n\t\t\t\t\t\t\t\t\t\t<img fetchpriority=\"high\" decoding=\"async\" width=\"768\" height=\"1024\" src=\"https:\/\/rendahls.se\/wp-content\/uploads\/2025\/04\/IMG_5257-768x1024.png\" class=\"attachment-medium_large size-medium_large wp-image-124950\" alt=\"\" srcset=\"https:\/\/rendahls.se\/wp-content\/uploads\/2025\/04\/IMG_5257-768x1024.png 768w, https:\/\/rendahls.se\/wp-content\/uploads\/2025\/04\/IMG_5257-225x300.png 225w, https:\/\/rendahls.se\/wp-content\/uploads\/2025\/04\/IMG_5257-1152x1536.png 1152w, https:\/\/rendahls.se\/wp-content\/uploads\/2025\/04\/IMG_5257-1536x2048.png 1536w, https:\/\/rendahls.se\/wp-content\/uploads\/2025\/04\/IMG_5257-9x12.png 9w, https:\/\/rendahls.se\/wp-content\/uploads\/2025\/04\/IMG_5257-scaled.png 1920w\" sizes=\"(max-width: 768px) 100vw, 768px\" \/>\t\t\t\t\t\t\t\t\t\t\t<figcaption class=\"widget-image-caption wp-caption-text\">Ballonvaart in Jaipur<\/figcaption>\n\t\t\t\t\t\t\t\t\t\t<\/figure>\n\t\t\t\t\t\t\t\t\t<\/div>\n\t\t\t\t<\/div>\n\t\t\t\t\t<\/div>\n\t\t<\/div>\n\t\t\t\t\t<\/div>\n\t\t<\/section>\n\t\t\t\t<\/div>","protected":false},"excerpt":{"rendered":"<p>Vi \u00e4r tv\u00e5 livsnjutare som gillar att s\u00e4tta lite guldkant p\u00e5 tillvaron. Det beh\u00f6ver inte alltid vara s\u00e5 stora upplevelser utan kan vara n\u00e5got s\u00e5 enkelt som en riktigt god kopp kaffe under skogspromenaden.&nbsp;Vi som skriver heter Eva och Henrik, bor i Karlstad och jobbar till vardags som jurist respektive verksamhetsutvecklare. P\u00e5 v\u00e5r lediga tid [&hellip;]<\/p>\n","protected":false},"author":1,"featured_media":0,"parent":0,"menu_order":0,"comment_status":"closed","ping_status":"closed","template":"","meta":{"_acf_changed":false,"_eb_attr":"","footnotes":""},"class_list":["post-108","page","type-page","status-publish","hentry"],"acf":[],"_links":{"self":[{"href":"https:\/\/rendahls.se\/nl\/wp-json\/wp\/v2\/pages\/108","targetHints":{"allow":["GET"]}}],"collection":[{"href":"https:\/\/rendahls.se\/nl\/wp-json\/wp\/v2\/pages"}],"about":[{"href":"https:\/\/rendahls.se\/nl\/wp-json\/wp\/v2\/types\/page"}],"author":[{"embeddable":true,"href":"https:\/\/rendahls.se\/nl\/wp-json\/wp\/v2\/users\/1"}],"replies":[{"embeddable":true,"href":"https:\/\/rendahls.se\/nl\/wp-json\/wp\/v2\/comments?post=108"}],"version-history":[{"count":0,"href":"https:\/\/rendahls.se\/nl\/wp-json\/wp\/v2\/pages\/108\/revisions"}],"wp:attachment":[{"href":"https:\/\/rendahls.se\/nl\/wp-json\/wp\/v2\/media?parent=108"}],"curies":[{"name":"wp","href":"https:\/\/api.w.org\/{rel}","templated":true}]}}